{"id":237,"date":"2019-12-17T07:33:51","date_gmt":"2019-12-17T07:33:51","guid":{"rendered":"https:\/\/cooperyacht808705550.wordpress.com\/?page_id=237"},"modified":"2019-12-17T07:33:51","modified_gmt":"2019-12-17T07:33:51","slug":"rolunk","status":"publish","type":"page","link":"https:\/\/enkhuizensloephajo.hu\/index.php\/rolunk\/","title":{"rendered":"R\u00f3lunk"},"content":{"rendered":"\t\t<div data-elementor-type=\"wp-page\" data-elementor-id=\"237\" class=\"elementor elementor-237\">\n\t\t\t\t\t\t<section class=\"elementor-section elementor-top-section elementor-element elementor-element-d5b0346 elementor-section-boxed elementor-section-height-default elementor-section-height-default\" data-id=\"d5b0346\" data-element_type=\"section\">\n\t\t\t\t\t\t<div class=\"elementor-container elementor-column-gap-default\">\n\t\t\t\t\t<div class=\"elementor-column elementor-col-100 elementor-top-column elementor-element elementor-element-7d830c5\" data-id=\"7d830c5\" data-element_type=\"column\">\n\t\t\t<div class=\"elementor-widget-wrap elementor-element-populated\">\n\t\t\t\t\t\t<div class=\"elementor-element elementor-element-700fff4 elementor-widget elementor-widget-text-editor\" data-id=\"700fff4\" data-element_type=\"widget\" data-widget_type=\"text-editor.default\">\n\t\t\t\t<div class=\"elementor-widget-container\">\n\t\t\t\t\t\t\t\t\t<p>Az Enkhuizensloep egy holland csal\u00e1di c\u00e9g, mely 25 \u00e9ve uralja a piacot min\u0151s\u00e9gi, k\u00e9zzel k\u00e9sz\u00edtett haj\u00f3inak k\u00f6sz\u00f6nhet\u0151en.<\/p>\t\t\t\t\t\t\t\t<\/div>\n\t\t\t\t<\/div>\n\t\t\t\t\t<\/div>\n\t\t<\/div>\n\t\t\t\t\t<\/div>\n\t\t<\/section>\n\t\t\t\t<section class=\"elementor-section elementor-top-section elementor-element elementor-element-e477c9e elementor-section-boxed elementor-section-height-default elementor-section-height-default\" data-id=\"e477c9e\" data-element_type=\"section\">\n\t\t\t\t\t\t<div class=\"elementor-container elementor-column-gap-default\">\n\t\t\t\t\t<div class=\"elementor-column elementor-col-100 elementor-top-column elementor-element elementor-element-06158bf\" data-id=\"06158bf\" data-element_type=\"column\">\n\t\t\t<div class=\"elementor-widget-wrap elementor-element-populated\">\n\t\t\t\t\t\t<div class=\"elementor-element elementor-element-1d4f9f3 elementor-widget elementor-widget-text-editor\" data-id=\"1d4f9f3\" data-element_type=\"widget\" data-widget_type=\"text-editor.default\">\n\t\t\t\t<div class=\"elementor-widget-container\">\n\t\t\t\t\t\t\t\t\t<p>Az Enkhuizensloep t\u00f6rt\u00e9nete 1991-ben kezd\u0151d\u00f6tt, helyileg Enkhuizen-ben tal\u00e1lhat\u00f3. 1991 \u00f3ta megsz\u00e1ml\u00e1lhatatlan mennyis\u00e9g\u0171 csod\u00e1s haj\u00f3 ker\u00fclt meg\u00e9p\u00edt\u00e9sre \u00e9s elad\u00e1sra \u00e1ltalunk. 2011-ben ker\u00fclt az els\u0151 Tender haj\u00f3 piacra. Ez egy m\u00e9rf\u00f6ldk\u0151 a c\u00e9g \u00e9let\u00e9ben, amire nagyon b\u00fcszk\u00e9k vagyunk. Vincent Stoop az\u00f3ta is rend\u00fcletlen\u00fcl folytatja a Tender haj\u00f3k \u00e9p\u00edt\u00e9s\u00e9t, mik\u00f6zben t\u00f6rekszik a haj\u00f3k folyamatos fejleszt\u00e9s\u00e9re. A leg\u00fajabb modellek, a Cruiserek 2018-ban ker\u00fcltek a piacra.<\/p>\t\t\t\t\t\t\t\t<\/div>\n\t\t\t\t<\/div>\n\t\t\t\t\t<\/div>\n\t\t<\/div>\n\t\t\t\t\t<\/div>\n\t\t<\/section>\n\t\t\t\t<section class=\"elementor-section elementor-top-section elementor-element elementor-element-7a2693b elementor-section-boxed elementor-section-height-default elementor-section-height-default\" data-id=\"7a2693b\" data-element_type=\"section\">\n\t\t\t\t\t\t<div class=\"elementor-container elementor-column-gap-default\">\n\t\t\t\t\t<div class=\"elementor-column elementor-col-50 elementor-top-column elementor-element elementor-element-b190b4b\" data-id=\"b190b4b\" data-element_type=\"column\">\n\t\t\t<div class=\"elementor-widget-wrap elementor-element-populated\">\n\t\t\t\t\t\t<div class=\"elementor-element elementor-element-2c3e5fd elementor-widget elementor-widget-image\" data-id=\"2c3e5fd\" data-element_type=\"widget\" data-widget_type=\"image.default\">\n\t\t\t\t<div class=\"elementor-widget-container\">\n\t\t\t\t\t\t\t\t\t\t\t\t\t\t\t<img fetchpriority=\"high\" decoding=\"async\" width=\"750\" height=\"500\" src=\"https:\/\/enkhuizensloephajo.hu\/wp-content\/uploads\/2020\/02\/40048-dsc_0195-1024x683.jpg\" class=\"attachment-large size-large wp-image-676\" alt=\"\" srcset=\"https:\/\/enkhuizensloephajo.hu\/wp-content\/uploads\/2020\/02\/40048-dsc_0195-1024x683.jpg 1024w, https:\/\/enkhuizensloephajo.hu\/wp-content\/uploads\/2020\/02\/40048-dsc_0195-300x200.jpg 300w, https:\/\/enkhuizensloephajo.hu\/wp-content\/uploads\/2020\/02\/40048-dsc_0195-768x512.jpg 768w, https:\/\/enkhuizensloephajo.hu\/wp-content\/uploads\/2020\/02\/40048-dsc_0195-1536x1024.jpg 1536w, https:\/\/enkhuizensloephajo.hu\/wp-content\/uploads\/2020\/02\/40048-dsc_0195-2048x1365.jpg 2048w\" sizes=\"(max-width: 750px) 100vw, 750px\" \/>\t\t\t\t\t\t\t\t\t\t\t\t\t\t\t<\/div>\n\t\t\t\t<\/div>\n\t\t\t\t<div class=\"elementor-element elementor-element-13e7446 elementor-widget elementor-widget-text-editor\" data-id=\"13e7446\" data-element_type=\"widget\" data-widget_type=\"text-editor.default\">\n\t\t\t\t<div class=\"elementor-widget-container\">\n\t\t\t\t\t\t\t\t\t<p style=\"text-align: center;\">2011<\/p>\t\t\t\t\t\t\t\t<\/div>\n\t\t\t\t<\/div>\n\t\t\t\t\t<\/div>\n\t\t<\/div>\n\t\t\t\t<div class=\"elementor-column elementor-col-50 elementor-top-column elementor-element elementor-element-7e5632c\" data-id=\"7e5632c\" data-element_type=\"column\">\n\t\t\t<div class=\"elementor-widget-wrap elementor-element-populated\">\n\t\t\t\t\t\t<div class=\"elementor-element elementor-element-264e924 elementor-widget elementor-widget-image\" data-id=\"264e924\" data-element_type=\"widget\" data-widget_type=\"image.default\">\n\t\t\t\t<div class=\"elementor-widget-container\">\n\t\t\t\t\t\t\t\t\t\t\t\t\t\t\t<img decoding=\"async\" width=\"750\" height=\"500\" src=\"https:\/\/enkhuizensloephajo.hu\/wp-content\/uploads\/2020\/02\/DSC_0691-1024x683.jpg\" class=\"attachment-large size-large wp-image-1010\" alt=\"\" srcset=\"https:\/\/enkhuizensloephajo.hu\/wp-content\/uploads\/2020\/02\/DSC_0691-1024x683.jpg 1024w, https:\/\/enkhuizensloephajo.hu\/wp-content\/uploads\/2020\/02\/DSC_0691-300x200.jpg 300w, https:\/\/enkhuizensloephajo.hu\/wp-content\/uploads\/2020\/02\/DSC_0691-768x512.jpg 768w, https:\/\/enkhuizensloephajo.hu\/wp-content\/uploads\/2020\/02\/DSC_0691-1536x1024.jpg 1536w, https:\/\/enkhuizensloephajo.hu\/wp-content\/uploads\/2020\/02\/DSC_0691-2048x1365.jpg 2048w\" sizes=\"(max-width: 750px) 100vw, 750px\" \/>\t\t\t\t\t\t\t\t\t\t\t\t\t\t\t<\/div>\n\t\t\t\t<\/div>\n\t\t\t\t<div class=\"elementor-element elementor-element-eda004d elementor-widget elementor-widget-text-editor\" data-id=\"eda004d\" data-element_type=\"widget\" data-widget_type=\"text-editor.default\">\n\t\t\t\t<div class=\"elementor-widget-container\">\n\t\t\t\t\t\t\t\t\t<p style=\"text-align: center;\">2018<\/p>\t\t\t\t\t\t\t\t<\/div>\n\t\t\t\t<\/div>\n\t\t\t\t\t<\/div>\n\t\t<\/div>\n\t\t\t\t\t<\/div>\n\t\t<\/section>\n\t\t\t\t<section class=\"elementor-section elementor-top-section elementor-element elementor-element-c0f2c20 elementor-section-boxed elementor-section-height-default elementor-section-height-default\" data-id=\"c0f2c20\" data-element_type=\"section\">\n\t\t\t\t\t\t<div class=\"elementor-container elementor-column-gap-default\">\n\t\t\t\t\t<div class=\"elementor-column elementor-col-50 elementor-top-column elementor-element elementor-element-d03ca35\" data-id=\"d03ca35\" data-element_type=\"column\">\n\t\t\t<div class=\"elementor-widget-wrap elementor-element-populated\">\n\t\t\t\t\t\t<div class=\"elementor-element elementor-element-e645ba6 elementor-widget elementor-widget-text-editor\" data-id=\"e645ba6\" data-element_type=\"widget\" data-widget_type=\"text-editor.default\">\n\t\t\t\t<div class=\"elementor-widget-container\">\n\t\t\t\t\t\t\t\t\t<p style=\"padding-left: 40px;\">K\u00e9rd\u00e9sed van? Sz\u00edvesen seg\u00edt\u00fcnk!<\/p>\t\t\t\t\t\t\t\t<\/div>\n\t\t\t\t<\/div>\n\t\t\t\t\t<\/div>\n\t\t<\/div>\n\t\t\t\t<div class=\"elementor-column elementor-col-50 elementor-top-column elementor-element elementor-element-6d87111\" data-id=\"6d87111\" data-element_type=\"column\">\n\t\t\t<div class=\"elementor-widget-wrap elementor-element-populated\">\n\t\t\t\t\t\t<div class=\"elementor-element elementor-element-5473e26 elementor-widget elementor-widget-button\" data-id=\"5473e26\" data-element_type=\"widget\" data-widget_type=\"button.default\">\n\t\t\t\t<div class=\"elementor-widget-container\">\n\t\t\t\t\t\t\t\t\t<div class=\"elementor-button-wrapper\">\n\t\t\t\t\t<a class=\"elementor-button elementor-button-link elementor-size-sm\" href=\"https:\/\/enkhuizensloep.wpcomstaging.com\/uzenet\/\">\n\t\t\t\t\t\t<span class=\"elementor-button-content-wrapper\">\n\t\t\t\t\t\t\t\t\t<span class=\"elementor-button-text\">\u00dczenetet \u00edrok!<\/span>\n\t\t\t\t\t<\/span>\n\t\t\t\t\t<\/a>\n\t\t\t\t<\/div>\n\t\t\t\t\t\t\t\t<\/div>\n\t\t\t\t<\/div>\n\t\t\t\t\t<\/div>\n\t\t<\/div>\n\t\t\t\t\t<\/div>\n\t\t<\/section>\n\t\t\t\t<\/div>\n\t\t","protected":false},"excerpt":{"rendered":"<p>Az Enkhuizensloep egy holland csal\u00e1di c\u00e9g, mely 25 \u00e9ve uralja a piacot min\u0151s\u00e9gi, k\u00e9zzel k\u00e9sz\u00edtett haj\u00f3inak k\u00f6sz\u00f6nhet\u0151en. Az Enkhuizensloep t\u00f6rt\u00e9nete&#x2026; <\/p>\n<p class=\"more-link-container th-text-xs th-links-inherit th-uppercase\"><a href=\"https:\/\/enkhuizensloephajo.hu\/index.php\/rolunk\/\" class=\"more-link\">Read More <span class=\"screen-reader-text\">R\u00f3lunk<\/span><\/a><\/p>\n","protected":false},"author":1,"featured_media":238,"parent":0,"menu_order":0,"comment_status":"closed","ping_status":"closed","template":"","meta":{"_coblocks_attr":"","_coblocks_dimensions":"","_coblocks_responsive_height":"","_coblocks_accordion_ie_support":"","footnotes":""},"class_list":["post-237","page","type-page","status-publish","has-post-thumbnail","hentry"],"_links":{"self":[{"href":"https:\/\/enkhuizensloephajo.hu\/index.php\/wp-json\/wp\/v2\/pages\/237","targetHints":{"allow":["GET"]}}],"collection":[{"href":"https:\/\/enkhuizensloephajo.hu\/index.php\/wp-json\/wp\/v2\/pages"}],"about":[{"href":"https:\/\/enkhuizensloephajo.hu\/index.php\/wp-json\/wp\/v2\/types\/page"}],"author":[{"embeddable":true,"href":"https:\/\/enkhuizensloephajo.hu\/index.php\/wp-json\/wp\/v2\/users\/1"}],"replies":[{"embeddable":true,"href":"https:\/\/enkhuizensloephajo.hu\/index.php\/wp-json\/wp\/v2\/comments?post=237"}],"version-history":[{"count":0,"href":"https:\/\/enkhuizensloephajo.hu\/index.php\/wp-json\/wp\/v2\/pages\/237\/revisions"}],"wp:featuredmedia":[{"embeddable":true,"href":"https:\/\/enkhuizensloephajo.hu\/index.php\/wp-json\/wp\/v2\/media\/238"}],"wp:attachment":[{"href":"https:\/\/enkhuizensloephajo.hu\/index.php\/wp-json\/wp\/v2\/media?parent=237"}],"curies":[{"name":"wp","href":"https:\/\/api.w.org\/{rel}","templated":true}]}}