{"id":811,"date":"2020-02-11T11:14:22","date_gmt":"2020-02-11T11:14:22","guid":{"rendered":"https:\/\/hajotabalatonra.hu\/?page_id=811"},"modified":"2020-02-11T11:14:22","modified_gmt":"2020-02-11T11:14:22","slug":"elerhetoseg","status":"publish","type":"page","link":"https:\/\/enkhuizensloephajo.hu\/index.php\/elerhetoseg\/","title":{"rendered":"El\u00e9rhet\u0151s\u00e9g"},"content":{"rendered":"\n<div class=\"wp-block-jetpack-contact-info\">\n<div class=\"wp-block-jetpack-email\">Email c\u00edm: <a href=\"mailto:office@ba-logisztika.hu\">office@ba-logisztika.hu<\/a><\/div>\n\n\n\n<div class=\"wp-block-jetpack-phone\"><span class=\"phone-prefix\">Telefon sz\u00e1m: <\/span><a href=\"tel:06304346990\">06304346990<\/a><\/div>\n<\/div>\n\n\n\n<p><\/p>\n","protected":false},"excerpt":{"rendered":"","protected":false},"author":1,"featured_media":1029,"parent":0,"menu_order":0,"comment_status":"closed","ping_status":"closed","template":"","meta":{"_coblocks_attr":"","_coblocks_dimensions":"","_coblocks_responsive_height":"","_coblocks_accordion_ie_support":"","footnotes":""},"class_list":["post-811","page","type-page","status-publish","has-post-thumbnail","hentry"],"_links":{"self":[{"href":"https:\/\/enkhuizensloephajo.hu\/index.php\/wp-json\/wp\/v2\/pages\/811","targetHints":{"allow":["GET"]}}],"collection":[{"href":"https:\/\/enkhuizensloephajo.hu\/index.php\/wp-json\/wp\/v2\/pages"}],"about":[{"href":"https:\/\/enkhuizensloephajo.hu\/index.php\/wp-json\/wp\/v2\/types\/page"}],"author":[{"embeddable":true,"href":"https:\/\/enkhuizensloephajo.hu\/index.php\/wp-json\/wp\/v2\/users\/1"}],"replies":[{"embeddable":true,"href":"https:\/\/enkhuizensloephajo.hu\/index.php\/wp-json\/wp\/v2\/comments?post=811"}],"version-history":[{"count":0,"href":"https:\/\/enkhuizensloephajo.hu\/index.php\/wp-json\/wp\/v2\/pages\/811\/revisions"}],"wp:featuredmedia":[{"embeddable":true,"href":"https:\/\/enkhuizensloephajo.hu\/index.php\/wp-json\/wp\/v2\/media\/1029"}],"wp:attachment":[{"href":"https:\/\/enkhuizensloephajo.hu\/index.php\/wp-json\/wp\/v2\/media?parent=811"}],"curies":[{"name":"wp","href":"https:\/\/api.w.org\/{rel}","templated":true}]}}